{"id":34720,"date":"2023-06-29T15:23:04","date_gmt":"2023-06-29T13:23:04","guid":{"rendered":"https:\/\/wil.admin.pk.edu.pl\/kontakt\/"},"modified":"2026-04-07T07:29:31","modified_gmt":"2026-04-07T05:29:31","slug":"contact","status":"publish","type":"page","link":"https:\/\/wil.pk.edu.pl\/en\/contact\/","title":{"rendered":"Contact"},"content":{"rendered":"\n<div class=\"wp-block-columns block_contact-section is-layout-flex wp-container-core-columns-is-layout-28f84493 wp-block-columns-is-layout-flex\">\n<div class=\"wp-block-column is-layout-flow wp-block-column-is-layout-flow\" style=\"flex-basis:66.666%\">\n<div class=\"wp-block-media-text alignwide is-stacked-on-mobile is-vertically-aligned-top block_contact-section__image-info\"><figure class=\"wp-block-media-text__media\"><img loading=\"lazy\" decoding=\"async\" width=\"570\" height=\"444\" src=\"https:\/\/wil.pk.edu.pl\/wp-content\/uploads\/2023\/07\/niebieskie.jpg\" alt=\"\" class=\"wp-image-3704 size-full\" srcset=\"https:\/\/wil.pk.edu.pl\/wp-content\/uploads\/2023\/07\/niebieskie.jpg 570w, https:\/\/wil.pk.edu.pl\/wp-content\/uploads\/2023\/07\/niebieskie-300x234.jpg 300w\" sizes=\"auto, (max-width: 570px) 100vw, 570px\" \/><\/figure><div class=\"wp-block-media-text__content\">\n<h3 class=\"wp-block-heading\">Faculty of Civil Engineering<\/h3>\n\n\n\n<h4 class=\"wp-block-heading has-text-color\" style=\"color:#083575\">Cracow University of Technology<\/h4>\n\n\n\n<div class=\"wp-block-uagb-icon-list uagb-block-81ef38b3 block_contact-section__icon_list\"><div class=\"uagb-icon-list__wrap\">\n<div class=\"wp-block-uagb-icon-list-child uagb-block-d2991086\"><span class=\"uagb-icon-list__source-wrap\"><svg xmlns=\"https:\/\/www.w3.org\/2000\/svg\" viewBox=\"0 0 576 512\"><path d=\"M384 476.1L192 421.2V35.93L384 90.79V476.1zM416 88.37L543.1 37.53C558.9 31.23 576 42.84 576 59.82V394.6C576 404.4 570 413.2 560.9 416.9L416 474.8V88.37zM15.09 95.13L160 37.17V423.6L32.91 474.5C17.15 480.8 0 469.2 0 452.2V117.4C0 107.6 5.975 98.78 15.09 95.13V95.13z\"><\/path><\/svg><\/span><span class=\"uagb-icon-list__label\">ul. Warszawska 24<br>31-155 Krak\u00f3w<\/span><\/div>\n\n\n\n<div class=\"wp-block-uagb-icon-list-child uagb-block-f0692d17\"><a target=\"_blank\" aria-label=\"wil@pk.edu.pl\" rel=\"noopener noreferrer\" href=\"mailto:wil@pk.edu.pl\"> <\/a><span class=\"uagb-icon-list__source-wrap\"><svg xmlns=\"https:\/\/www.w3.org\/2000\/svg\" viewBox=\"0 0 512 512\"><path d=\"M464 64C490.5 64 512 85.49 512 112C512 127.1 504.9 141.3 492.8 150.4L275.2 313.6C263.8 322.1 248.2 322.1 236.8 313.6L19.2 150.4C7.113 141.3 0 127.1 0 112C0 85.49 21.49 64 48 64H464zM217.6 339.2C240.4 356.3 271.6 356.3 294.4 339.2L512 176V384C512 419.3 483.3 448 448 448H64C28.65 448 0 419.3 0 384V176L217.6 339.2z\"><\/path><\/svg><\/span><span class=\"uagb-icon-list__label\">wil@pk.edu.pl<\/span><\/div>\n<\/div><\/div>\n\n\n\n<p><strong>Full time studies, third degree studies:<\/strong><br>room 226, tel: <a href=\"tel:+4812 628 23 02\">12 628 23 02<\/a><br><strong><strong>Part time stud<\/strong>ies:<\/strong><br>room 224, tel: <a href=\"tel:+4812 628 23 05\">12 628 23 05<\/a><br><strong>Diplomas:<\/strong><br>room 412b, tel: <a href=\"tel:+48126282532\">12 628 25 32<\/a><br><strong>Social matters:<\/strong><br>room 412a, tel: <a href=\"tel:+48126282303\" data-type=\"tel\" data-id=\"tel:+48126282303\">12 628 23 03<\/a><\/p>\n<\/div><\/div>\n<\/div>\n\n\n\n<div class=\"wp-block-column block_contact__info-links is-layout-flow wp-block-column-is-layout-flow\" style=\"flex-basis:33.333%\"><div class=\"wp-block-uagb-faq uagb-faq__outer-wrap uagb-block-59896183 uagb-faq-icon-row-reverse uagb-faq-layout-accordion uagb-faq-expand-first-false uagb-faq-inactive-other-true uagb-faq__wrap uagb-buttons-layout-wrap uagb-faq-equal-height     \" data-faqtoggle=\"true\" role=\"tablist\"><div class=\"wp-block-uagb-faq-child uagb-faq-child__outer-wrap uagb-faq-item uagb-block-fbacc115 \" role=\"tab\" tabindex=\"0\"><div class=\"uagb-faq-questions-button uagb-faq-questions\">\t\t\t<span class=\"uagb-icon uagb-faq-icon-wrap\">\n\t\t\t\t\t\t\t\t<svg xmlns=\"https:\/\/www.w3.org\/2000\/svg\" viewBox= \"0 0 448 512\"><path d=\"M224 416c-8.188 0-16.38-3.125-22.62-9.375l-192-192c-12.5-12.5-12.5-32.75 0-45.25s32.75-12.5 45.25 0L224 338.8l169.4-169.4c12.5-12.5 32.75-12.5 45.25 0s12.5 32.75 0 45.25l-192 192C240.4 412.9 232.2 416 224 416z\"><\/path><\/svg>\n\t\t\t\t\t\t\t<\/span>\n\t\t\t\t\t\t<span class=\"uagb-icon-active uagb-faq-icon-wrap\">\n\t\t\t\t\t\t\t\t<svg xmlns=\"https:\/\/www.w3.org\/2000\/svg\" viewBox= \"0 0 448 512\"><path d=\"M416 352c-8.188 0-16.38-3.125-22.62-9.375L224 173.3l-169.4 169.4c-12.5 12.5-32.75 12.5-45.25 0s-12.5-32.75 0-45.25l192-192c12.5-12.5 32.75-12.5 45.25 0l192 192c12.5 12.5 12.5 32.75 0 45.25C432.4 348.9 424.2 352 416 352z\"><\/path><\/svg>\n\t\t\t\t\t\t\t<\/span>\n\t\t\t<p class=\"uagb-question\">Dean (room 227)<\/p><\/div><div class=\"uagb-faq-content\"><p>tel: <a href=\"tel:+4812 628 23 01\">12 628 23 01<\/a><\/p><\/div><\/div><div class=\"wp-block-uagb-faq-child uagb-faq-child__outer-wrap uagb-faq-item uagb-block-676356f7 \" role=\"tab\" tabindex=\"0\"><div class=\"uagb-faq-questions-button uagb-faq-questions\">\t\t\t<span class=\"uagb-icon uagb-faq-icon-wrap\">\n\t\t\t\t\t\t\t\t<svg xmlns=\"https:\/\/www.w3.org\/2000\/svg\" viewBox= \"0 0 448 512\"><path d=\"M224 416c-8.188 0-16.38-3.125-22.62-9.375l-192-192c-12.5-12.5-12.5-32.75 0-45.25s32.75-12.5 45.25 0L224 338.8l169.4-169.4c12.5-12.5 32.75-12.5 45.25 0s12.5 32.75 0 45.25l-192 192C240.4 412.9 232.2 416 224 416z\"><\/path><\/svg>\n\t\t\t\t\t\t\t<\/span>\n\t\t\t\t\t\t<span class=\"uagb-icon-active uagb-faq-icon-wrap\">\n\t\t\t\t\t\t\t\t<svg xmlns=\"https:\/\/www.w3.org\/2000\/svg\" viewBox= \"0 0 448 512\"><path d=\"M416 352c-8.188 0-16.38-3.125-22.62-9.375L224 173.3l-169.4 169.4c-12.5 12.5-32.75 12.5-45.25 0s-12.5-32.75 0-45.25l192-192c12.5-12.5 32.75-12.5 45.25 0l192 192c12.5 12.5 12.5 32.75 0 45.25C432.4 348.9 424.2 352 416 352z\"><\/path><\/svg>\n\t\t\t\t\t\t\t<\/span>\n\t\t\t<p class=\"uagb-question\">Head of the dean&#8217;s office <br>(room 220):<\/p><\/div><div class=\"uagb-faq-content\"><p>tel: <a href=\"tel:+4812 628 23 00\">12 628 23 00<\/a><\/p><\/div><\/div><\/div><\/div>\n<\/div>\n\n\n\n<div class=\"inherit-container-width wp-block-group is-layout-constrained wp-block-group-is-layout-constrained\" style=\"margin-bottom:var(--wp--preset--spacing--80);padding-top:0px\">\n<h2 class=\"wp-block-heading kotwica\" id=\"katedry\" style=\"text-transform:uppercase\">DEPARTMENTS<\/h2>\n\n\n\n<div class=\"wp-block-group bs-mech-catedrals-links is-layout-constrained wp-block-group-is-layout-constrained\">\n<figure class=\"wp-block-image size-full\"><a href=\" http:\/\/l1.pk.edu.pl\"><img loading=\"lazy\" decoding=\"async\" width=\"825\" height=\"197\" src=\"https:\/\/wil.pk.edu.pl\/wp-content\/uploads\/2024\/01\/logo_l01.png\" alt=\"Katedra Konstrukcji \u017belbetowych i Spr\u0119\u017conych L-1\" class=\"wp-image-38995\" srcset=\"https:\/\/wil.pk.edu.pl\/wp-content\/uploads\/2024\/01\/logo_l01.png 825w, https:\/\/wil.pk.edu.pl\/wp-content\/uploads\/2024\/01\/logo_l01-300x72.png 300w, https:\/\/wil.pk.edu.pl\/wp-content\/uploads\/2024\/01\/logo_l01-768x183.png 768w\" sizes=\"auto, (max-width: 825px) 100vw, 825px\" \/><\/a><figcaption class=\"wp-element-caption\">Chair of Reinforced Concrete and Prestressed Concrete Structures L-1<\/figcaption><\/figure>\n\n\n\n<figure class=\"wp-block-image size-full is-resized\"><a href=\" https:\/\/l2.pk.edu.pl\"><img loading=\"lazy\" decoding=\"async\" width=\"841\" height=\"821\" src=\"https:\/\/wil.pk.edu.pl\/wp-content\/uploads\/2024\/01\/logo_l02.png\" alt=\"Katedra In\u017cynierii Materia\u0142\u00f3w Budowlanych L-2\" class=\"wp-image-38986\" style=\"width:auto;height:44px\" srcset=\"https:\/\/wil.pk.edu.pl\/wp-content\/uploads\/2024\/01\/logo_l02.png 841w, https:\/\/wil.pk.edu.pl\/wp-content\/uploads\/2024\/01\/logo_l02-300x293.png 300w, https:\/\/wil.pk.edu.pl\/wp-content\/uploads\/2024\/01\/logo_l02-768x750.png 768w\" sizes=\"auto, (max-width: 841px) 100vw, 841px\" \/><\/a><figcaption class=\"wp-element-caption\">Chair of Building Materials Engineering L-2<\/figcaption><\/figure>\n\n\n\n<figure class=\"wp-block-image size-full is-resized\"><a href=\" http:\/\/l-3.pk.edu.pl\"><img loading=\"lazy\" decoding=\"async\" width=\"823\" height=\"822\" src=\"https:\/\/wil.pk.edu.pl\/wp-content\/uploads\/2024\/01\/logo_l03.png\" alt=\"Katedra Konstrukcji Mostowych, Metalowych i Drewnianych L-3\" class=\"wp-image-38977\" style=\"width:auto;height:44px\" srcset=\"https:\/\/wil.pk.edu.pl\/wp-content\/uploads\/2024\/01\/logo_l03.png 823w, https:\/\/wil.pk.edu.pl\/wp-content\/uploads\/2024\/01\/logo_l03-300x300.png 300w, https:\/\/wil.pk.edu.pl\/wp-content\/uploads\/2024\/01\/logo_l03-150x150.png 150w, https:\/\/wil.pk.edu.pl\/wp-content\/uploads\/2024\/01\/logo_l03-768x767.png 768w, https:\/\/wil.pk.edu.pl\/wp-content\/uploads\/2024\/01\/logo_l03-500x500.png 500w\" sizes=\"auto, (max-width: 823px) 100vw, 823px\" \/><\/a><figcaption class=\"wp-element-caption\">Chair of Bridge, Metal and Timber Structures L-3<\/figcaption><\/figure>\n\n\n\n<figure class=\"wp-block-image size-full is-resized\"><a href=\" http:\/\/bud.pk.edu.pl\"><img loading=\"lazy\" decoding=\"async\" width=\"906\" height=\"823\" src=\"https:\/\/wil.pk.edu.pl\/wp-content\/uploads\/2024\/01\/logo_l04.jpg\" alt=\"Katedra Budownictwa Og\u00f3lnego i Fizyki Budowli L-4\" class=\"wp-image-38968\" style=\"width:auto;height:44px\" srcset=\"https:\/\/wil.pk.edu.pl\/wp-content\/uploads\/2024\/01\/logo_l04.jpg 906w, https:\/\/wil.pk.edu.pl\/wp-content\/uploads\/2024\/01\/logo_l04-300x273.jpg 300w, https:\/\/wil.pk.edu.pl\/wp-content\/uploads\/2024\/01\/logo_l04-768x698.jpg 768w\" sizes=\"auto, (max-width: 906px) 100vw, 906px\" \/><\/a><figcaption class=\"wp-element-caption\">Chair of Building Design and Building Physics L-4<\/figcaption><\/figure>\n\n\n\n<figure class=\"wp-block-image size-full\"><a href=\" http:\/\/kbdir.pk.edu.pl\"><img loading=\"lazy\" decoding=\"async\" width=\"323\" height=\"206\" src=\"https:\/\/wil.pk.edu.pl\/wp-content\/uploads\/2024\/01\/logo_l05.jpg\" alt=\"Katedra Dr\u00f3g, Kolei i In\u017cynierii Ruchu L-5\" class=\"wp-image-38959\" style=\"object-fit:cover\" srcset=\"https:\/\/wil.pk.edu.pl\/wp-content\/uploads\/2024\/01\/logo_l05.jpg 323w, https:\/\/wil.pk.edu.pl\/wp-content\/uploads\/2024\/01\/logo_l05-300x191.jpg 300w\" sizes=\"auto, (max-width: 323px) 100vw, 323px\" \/><\/a><figcaption class=\"wp-element-caption\">Chair of Roads, Railways and Traffic Engineering L-5<\/figcaption><\/figure>\n\n\n\n<figure class=\"wp-block-image size-full is-resized\"><a href=\" https:\/\/kst.pk.edu.pl\"><img loading=\"lazy\" decoding=\"async\" width=\"1180\" height=\"822\" src=\"https:\/\/wil.pk.edu.pl\/wp-content\/uploads\/2024\/01\/logo_l06.jpg\" alt=\"Katedra System\u00f3w Transportowych L-6\" class=\"wp-image-38950\" style=\"width:auto;height:44px\" srcset=\"https:\/\/wil.pk.edu.pl\/wp-content\/uploads\/2024\/01\/logo_l06.jpg 1180w, https:\/\/wil.pk.edu.pl\/wp-content\/uploads\/2024\/01\/logo_l06-300x209.jpg 300w, https:\/\/wil.pk.edu.pl\/wp-content\/uploads\/2024\/01\/logo_l06-1024x713.jpg 1024w, https:\/\/wil.pk.edu.pl\/wp-content\/uploads\/2024\/01\/logo_l06-768x535.jpg 768w\" sizes=\"auto, (max-width: 1180px) 100vw, 1180px\" \/><\/a><figcaption class=\"wp-element-caption\">Chair of Transportation Systems L-6<\/figcaption><\/figure>\n\n\n\n<figure class=\"wp-block-image size-full\"><a href=\" http:\/\/l7.pk.edu.pl\"><img loading=\"lazy\" decoding=\"async\" width=\"300\" height=\"300\" src=\"https:\/\/wil.pk.edu.pl\/wp-content\/uploads\/2024\/01\/logo_l07.png\" alt=\"Katedra Zarz\u0105dzania w Budownictwie L-7\" class=\"wp-image-38941\" srcset=\"https:\/\/wil.pk.edu.pl\/wp-content\/uploads\/2024\/01\/logo_l07.png 300w, https:\/\/wil.pk.edu.pl\/wp-content\/uploads\/2024\/01\/logo_l07-150x150.png 150w\" sizes=\"auto, (max-width: 300px) 100vw, 300px\" \/><\/a><figcaption class=\"wp-element-caption\">Chair of Construction Management L-7<\/figcaption><\/figure>\n\n\n\n<figure class=\"wp-block-image size-full\"><a href=\" https:\/\/l8.wil.pk.edu.pl\"><img loading=\"lazy\" decoding=\"async\" width=\"250\" height=\"250\" src=\"https:\/\/wil.pk.edu.pl\/wp-content\/uploads\/2024\/01\/logo_l08.png\" alt=\"Katedra Mechaniki Budowli i Materia\u0142\u00f3w L-8\" class=\"wp-image-38932\" srcset=\"https:\/\/wil.pk.edu.pl\/wp-content\/uploads\/2024\/01\/logo_l08.png 250w, https:\/\/wil.pk.edu.pl\/wp-content\/uploads\/2024\/01\/logo_l08-150x150.png 150w\" sizes=\"auto, (max-width: 250px) 100vw, 250px\" \/><\/a><figcaption class=\"wp-element-caption\">Chair od Structural Mechanics and Material Mechanics L-8<\/figcaption><\/figure>\n\n\n\n<figure class=\"wp-block-image size-full is-resized\"><a href=\" https:\/\/l9.wil.pk.edu.pl\"><img loading=\"lazy\" decoding=\"async\" width=\"1053\" height=\"672\" src=\"https:\/\/wil.pk.edu.pl\/wp-content\/uploads\/2024\/01\/logo_l09.jpg\" alt=\"Katedra Geotechniki i Wytrzyma\u0142o\u015bci Materia\u0142\u00f3w L-9\" class=\"wp-image-38923\" style=\"width:auto;height:44px\" srcset=\"https:\/\/wil.pk.edu.pl\/wp-content\/uploads\/2024\/01\/logo_l09.jpg 1053w, https:\/\/wil.pk.edu.pl\/wp-content\/uploads\/2024\/01\/logo_l09-300x191.jpg 300w, https:\/\/wil.pk.edu.pl\/wp-content\/uploads\/2024\/01\/logo_l09-1024x653.jpg 1024w, https:\/\/wil.pk.edu.pl\/wp-content\/uploads\/2024\/01\/logo_l09-768x490.jpg 768w\" sizes=\"auto, (max-width: 1053px) 100vw, 1053px\" \/><\/a><figcaption class=\"wp-element-caption\">Chair of Geotechnics and Strength of Materials L-9<\/figcaption><\/figure>\n\n\n\n<figure class=\"wp-block-image size-full\"><a href=\" https:\/\/cce.pk.edu.pl\"><img loading=\"lazy\" decoding=\"async\" width=\"599\" height=\"417\" src=\"https:\/\/wil.pk.edu.pl\/wp-content\/uploads\/2024\/01\/logo_l10.png\" alt=\"Katedra Technologii Informatycznych w In\u017cynierii L-10\" class=\"wp-image-38914\" srcset=\"https:\/\/wil.pk.edu.pl\/wp-content\/uploads\/2024\/01\/logo_l10.png 599w, https:\/\/wil.pk.edu.pl\/wp-content\/uploads\/2024\/01\/logo_l10-300x209.png 300w\" sizes=\"auto, (max-width: 599px) 100vw, 599px\" \/><\/a><figcaption class=\"wp-element-caption\">Chair for Computational Engineering L-10<\/figcaption><\/figure>\n\n\n\n<figure class=\"wp-block-image size-full\"><a href=\"#\"><img loading=\"lazy\" decoding=\"async\" width=\"444\" height=\"206\" src=\"https:\/\/wil.pk.edu.pl\/wp-content\/uploads\/2024\/01\/logo_l11.jpg\" alt=\"Centrum Certyfikacji Budowlanej L-11\" class=\"wp-image-38905\" srcset=\"https:\/\/wil.pk.edu.pl\/wp-content\/uploads\/2024\/01\/logo_l11.jpg 444w, https:\/\/wil.pk.edu.pl\/wp-content\/uploads\/2024\/01\/logo_l11-300x139.jpg 300w\" sizes=\"auto, (max-width: 444px) 100vw, 444px\" \/><\/a><figcaption class=\"wp-element-caption\">Construcion Certification Center L-11<\/figcaption><\/figure>\n\n\n\n<figure class=\"wp-block-image size-full\"><a href=\" https:\/\/l12.pk.edu.pl\"><img loading=\"lazy\" decoding=\"async\" width=\"206\" height=\"206\" src=\"https:\/\/wil.pk.edu.pl\/wp-content\/uploads\/2024\/01\/logo_l12.jpg\" alt=\"Laboratorium Badawcze Materia\u0142\u00f3w i Konstrukcji Budowlanych L-12\" class=\"wp-image-38896\" srcset=\"https:\/\/wil.pk.edu.pl\/wp-content\/uploads\/2024\/01\/logo_l12.jpg 206w, https:\/\/wil.pk.edu.pl\/wp-content\/uploads\/2024\/01\/logo_l12-150x150.jpg 150w\" sizes=\"auto, (max-width: 206px) 100vw, 206px\" \/><\/a><figcaption class=\"wp-element-caption\">Building Materials and Structures Research Laboratory L-12<\/figcaption><\/figure>\n\n\n\n<figure class=\"wp-block-image size-full is-resized\"><a href=\"https:\/\/l13.pk.edu.pl\/\" target=\"_blank\" rel=\"noopener\"><img loading=\"lazy\" decoding=\"async\" width=\"512\" height=\"512\" src=\"https:\/\/wil.pk.edu.pl\/wp-content\/uploads\/2026\/04\/strona1.jpg\" alt=\"\" class=\"wp-image-51978\" style=\"width:74px;height:auto\" srcset=\"https:\/\/wil.pk.edu.pl\/wp-content\/uploads\/2026\/04\/strona1.jpg 512w, https:\/\/wil.pk.edu.pl\/wp-content\/uploads\/2026\/04\/strona1-300x300.jpg 300w, https:\/\/wil.pk.edu.pl\/wp-content\/uploads\/2026\/04\/strona1-150x150.jpg 150w, https:\/\/wil.pk.edu.pl\/wp-content\/uploads\/2026\/04\/strona1-500x500.jpg 500w\" sizes=\"auto, (max-width: 512px) 100vw, 512px\" \/><\/a><figcaption class=\"wp-element-caption\">Ma\u0142opolska Centre of Energy Efficient Building L-13<\/figcaption><\/figure>\n\n\n\n<figure class=\"wp-block-image size-full is-resized\"><a href=\" https:\/\/windlab.pl\"><img loading=\"lazy\" decoding=\"async\" width=\"1113\" height=\"823\" src=\"https:\/\/wil.pk.edu.pl\/wp-content\/uploads\/2024\/01\/logo_l14.jpg\" alt=\"Laboratorium In\u017cynierii Wiatrowej L-14\" class=\"wp-image-38878\" style=\"width:auto;height:44px\" srcset=\"https:\/\/wil.pk.edu.pl\/wp-content\/uploads\/2024\/01\/logo_l14.jpg 1113w, https:\/\/wil.pk.edu.pl\/wp-content\/uploads\/2024\/01\/logo_l14-300x222.jpg 300w, https:\/\/wil.pk.edu.pl\/wp-content\/uploads\/2024\/01\/logo_l14-1024x757.jpg 1024w, https:\/\/wil.pk.edu.pl\/wp-content\/uploads\/2024\/01\/logo_l14-768x568.jpg 768w\" sizes=\"auto, (max-width: 1113px) 100vw, 1113px\" \/><\/a><figcaption class=\"wp-element-caption\">Wind Engineering Laboratory L-14<\/figcaption><\/figure>\n\n\n\n<figure class=\"wp-block-image size-full is-resized\"><a href=\"http:\/\/www.drganiabudowli.pl\/\" target=\"_blank\" rel=\"noopener\"><img loading=\"lazy\" decoding=\"async\" width=\"215\" height=\"204\" src=\"https:\/\/wil.pk.edu.pl\/wp-content\/uploads\/2024\/02\/Logo-Lab.jpg\" alt=\"\" class=\"wp-image-41044\" style=\"width:auto;height:44px\"\/><\/a><figcaption class=\"wp-element-caption\">Deformations and Vibrations of Structures Laboratory L-15<\/figcaption><\/figure>\n<\/div>\n<\/div>\n\n\n\n<div class=\"wp-block-columns alignfull is-layout-flex wp-container-core-columns-is-layout-8a4b3083 wp-block-columns-is-layout-flex\" style=\"margin-top:0;margin-bottom:0;padding-top:0;padding-right:0;padding-bottom:0;padding-left:0\">\n<div class=\"wp-block-column is-layout-flow wp-block-column-is-layout-flow\">\t\t\t<div \n\t\t\tclass=\"wp-block-uagb-google-map uagb-google-map__wrap uagb-block-a0daa20a     mapa-ggl\"\n\t\t\tstyle=\"\" >\n\t\t\t\t<embed\n\t\t\t\t\tclass=\"uagb-google-map__iframe\"\n\t\t\t\t\ttitle=\"Google Map for \"\n\t\t\t\t\tsrc=\"https:\/\/maps.google.com\/maps?q=Faculty%20of%20Civil%20Engineering%20Wydzia%C5%82%20In%C5%BCynierii%20L%C4%85dowej%20Politechniki%20Krakowskiej&#038;z=18&#038;hl=en&#038;t=m&#038;output=embed&#038;iwloc=near\"\n\t\t\t\t\twidth=\"640\"\n\t\t\t\t\theight=\"283\"\n\t\t\t\t\tloading=\"lazy\"\n\t\t\t\t><\/embed>\n\t\t\t<\/div>\n\t\t\t<\/div>\n<\/div>\n","protected":false},"excerpt":{"rendered":"<p>Faculty of Civil Engineering Cracow University of Technology Full time studies, third degree studies:room 226, tel: 12 628 23 02Part time studies:room 224, tel: 12 628 23 05Diplomas:room 412b, tel: 12 628 25 32Social matters:room 412a, tel: 12 628 23 03 DEPARTMENTS&#8230;<\/p>\n","protected":false},"author":914,"featured_media":10487,"parent":0,"menu_order":0,"comment_status":"closed","ping_status":"closed","template":"","meta":{"_acf_changed":false,"inline_featured_image":false,"_uag_custom_page_level_css":"#primary:has(.post-34720) {\nmargin-bottom: 0 !important;\n}","site-sidebar-layout":"default","site-content-layout":"","ast-site-content-layout":"default","site-content-style":"default","site-sidebar-style":"default","ast-global-header-display":"","ast-banner-title-visibility":"","ast-main-header-display":"","ast-hfb-above-header-display":"","ast-hfb-below-header-display":"","ast-hfb-mobile-header-display":"","site-post-title":"","ast-breadcrumbs-content":"","ast-featured-img":"","footer-sml-layout":"","ast-disable-related-posts":"","theme-transparent-header-meta":"","adv-header-id-meta":"","stick-header-meta":"","header-above-stick-meta":"","header-main-stick-meta":"","header-below-stick-meta":"","astra-migrate-meta-layouts":"set","ast-page-background-enabled":"default","ast-page-background-meta":{"desktop":{"background-color":"var(--ast-global-color-4)","background-image":"","background-repeat":"repeat","background-position":"center center","background-size":"auto","background-attachment":"scroll","background-type":"","background-media":"","overlay-type":"","overlay-color":"","overlay-opacity":"","overlay-gradient":""},"tablet":{"background-color":"","background-image":"","background-repeat":"repeat","background-position":"center center","background-size":"auto","background-attachment":"scroll","background-type":"","background-media":"","overlay-type":"","overlay-color":"","overlay-opacity":"","overlay-gradient":""},"mobile":{"background-color":"","background-image":"","background-repeat":"repeat","background-position":"center center","background-size":"auto","background-attachment":"scroll","background-type":"","background-media":"","overlay-type":"","overlay-color":"","overlay-opacity":"","overlay-gradient":""}},"ast-content-background-meta":{"desktop":{"background-color":"var(--ast-global-color-5)","background-image":"","background-repeat":"repeat","background-position":"center center","background-size":"auto","background-attachment":"scroll","background-type":"","background-media":"","overlay-type":"","overlay-color":"","overlay-opacity":"","overlay-gradient":""},"tablet":{"background-color":"var(--ast-global-color-5)","background-image":"","background-repeat":"repeat","background-position":"center center","background-size":"auto","background-attachment":"scroll","background-type":"","background-media":"","overlay-type":"","overlay-color":"","overlay-opacity":"","overlay-gradient":""},"mobile":{"background-color":"var(--ast-global-color-5)","background-image":"","background-repeat":"repeat","background-position":"center center","background-size":"auto","background-attachment":"scroll","background-type":"","background-media":"","overlay-type":"","overlay-color":"","overlay-opacity":"","overlay-gradient":""}},"footnotes":""},"taksonomia-strony":[],"class_list":["post-34720","page","type-page","status-publish","has-post-thumbnail","hentry"],"acf":[],"featured_image_src":"https:\/\/wil.pk.edu.pl\/wp-content\/uploads\/2023\/07\/pkrk-default-post-image.jpg","uagb_featured_image_src":{"full":["https:\/\/wil.pk.edu.pl\/wp-content\/uploads\/2023\/07\/pkrk-default-post-image.jpg",426,426,false],"thumbnail":["https:\/\/wil.pk.edu.pl\/wp-content\/uploads\/2023\/07\/pkrk-default-post-image-150x150.jpg",150,150,true],"medium":["https:\/\/wil.pk.edu.pl\/wp-content\/uploads\/2023\/07\/pkrk-default-post-image-300x300.jpg",300,300,true],"medium_large":["https:\/\/wil.pk.edu.pl\/wp-content\/uploads\/2023\/07\/pkrk-default-post-image.jpg",426,426,false],"large":["https:\/\/wil.pk.edu.pl\/wp-content\/uploads\/2023\/07\/pkrk-default-post-image.jpg",426,426,false],"thumblist":["https:\/\/wil.pk.edu.pl\/wp-content\/uploads\/2023\/07\/pkrk-default-post-image-300x300.jpg",300,300,true],"thumbrelated":["https:\/\/wil.pk.edu.pl\/wp-content\/uploads\/2023\/07\/pkrk-default-post-image.jpg",426,426,false],"meccarouselthumb":["https:\/\/wil.pk.edu.pl\/wp-content\/uploads\/2023\/07\/pkrk-default-post-image-426x324.jpg",426,324,true],"gridsquare":["https:\/\/wil.pk.edu.pl\/wp-content\/uploads\/2023\/07\/pkrk-default-post-image-391x260.jpg",391,260,true],"tileview":["https:\/\/wil.pk.edu.pl\/wp-content\/uploads\/2023\/07\/pkrk-default-post-image-300x400.jpg",300,400,true],"1536x1536":["https:\/\/wil.pk.edu.pl\/wp-content\/uploads\/2023\/07\/pkrk-default-post-image.jpg",426,426,false],"2048x2048":["https:\/\/wil.pk.edu.pl\/wp-content\/uploads\/2023\/07\/pkrk-default-post-image.jpg",426,426,false]},"uagb_author_info":{"display_name":"dkluczynski","author_link":"https:\/\/wil.pk.edu.pl\/en\/author\/dkluczynski\/"},"uagb_comment_info":0,"uagb_excerpt":"Faculty of Civil Engineering Cracow University of Technology Full time studies, third degree studies:room 226, tel: 12 628 23 02Part time studies:room 224, tel: 12 628 23 05Diplomas:room 412b, tel: 12 628 25 32Social matters:room 412a, tel: 12 628 23 03 DEPARTMENTS...","publishpress_future_action":{"enabled":false,"date":"2026-04-14 11:44:37","action":"change-status","newStatus":"draft","terms":[],"taxonomy":"taksonomia-strony","extraData":[]},"publishpress_future_workflow_manual_trigger":{"enabledWorkflows":[]},"_links":{"self":[{"href":"https:\/\/wil.pk.edu.pl\/en\/wp-json\/wp\/v2\/pages\/34720","targetHints":{"allow":["GET"]}}],"collection":[{"href":"https:\/\/wil.pk.edu.pl\/en\/wp-json\/wp\/v2\/pages"}],"about":[{"href":"https:\/\/wil.pk.edu.pl\/en\/wp-json\/wp\/v2\/types\/page"}],"author":[{"embeddable":true,"href":"https:\/\/wil.pk.edu.pl\/en\/wp-json\/wp\/v2\/users\/914"}],"replies":[{"embeddable":true,"href":"https:\/\/wil.pk.edu.pl\/en\/wp-json\/wp\/v2\/comments?post=34720"}],"version-history":[{"count":8,"href":"https:\/\/wil.pk.edu.pl\/en\/wp-json\/wp\/v2\/pages\/34720\/revisions"}],"predecessor-version":[{"id":51999,"href":"https:\/\/wil.pk.edu.pl\/en\/wp-json\/wp\/v2\/pages\/34720\/revisions\/51999"}],"wp:featuredmedia":[{"embeddable":true,"href":"https:\/\/wil.pk.edu.pl\/en\/wp-json\/wp\/v2\/media\/10487"}],"wp:attachment":[{"href":"https:\/\/wil.pk.edu.pl\/en\/wp-json\/wp\/v2\/media?parent=34720"}],"wp:term":[{"taxonomy":"taksonomia-strony","embeddable":true,"href":"https:\/\/wil.pk.edu.pl\/en\/wp-json\/wp\/v2\/taksonomia-strony?post=34720"}],"curies":[{"name":"wp","href":"https:\/\/api.w.org\/{rel}","templated":true}]}}