{"id":31813,"date":"2023-10-12T07:03:07","date_gmt":"2023-10-12T05:03:07","guid":{"rendered":"https:\/\/wil.admin.pk.edu.pl\/?page_id=31813"},"modified":"2026-02-17T15:56:26","modified_gmt":"2026-02-17T14:56:26","slug":"faculty-officials","status":"publish","type":"page","link":"https:\/\/wil.pk.edu.pl\/en\/faculty\/faculty-officials\/","title":{"rendered":"Faculty Officials"},"content":{"rendered":"\n<h2 class=\"wp-block-heading\"><strong>DEAN<\/strong><\/h2>\n\n\n\n<p>Lucyna Domaga\u0142a, Ph.D., D.Sc., Prof. of CUT<br>(<a href=\"mailto:lucyna.domagala@pk.edu.pl\">lucyna.domagala@pk.edu.pl<\/a>)<\/p>\n\n\n\n<h2 class=\"wp-block-heading\"><strong>ASSOCIATE-DEANS<\/strong><\/h2>\n\n\n\n<ul class=\"wp-block-list\">\n<li>Dorota Jasi\u0144ska, Ph.D., D.Sc., Prof. of CUT<br>(<a href=\"mailto:dorota.jasinska@pk.edu.pl\">dorota.jasinska@pk.edu.pl<\/a>)<\/li>\n\n\n\n<li>Piotr Wo\u017aniczka, Ph.D., D.Sc., Prof. of CUT<br>(<a href=\"mailto:piotr.wozniczka@pk.edu.pl\">piotr.wozniczka@pk.edu.pl<\/a>)<\/li>\n\n\n\n<li>Marcin Tekieli, Ph.D.<br>(<a href=\"mailto:marcin.tekieli@pk.edu.pl\">marcin.tekieli@pk.edu.pl<\/a>)<\/li>\n\n\n\n<li>Iga Rewers, Ph.D.<br>(<a href=\"iga.rewers@pk.edu.pl\">iga.rewers@pk.edu.pl<\/a>)<\/li>\n<\/ul>\n\n\n<div class=\"wp-block-ub-content-toggle kotwica wp-block-ub-content-toggle-block\" id=\"ub-content-toggle-block-86ec130b-d537-4ff0-a468-00cb9124b859\" data-mobilecollapse=\"false\" data-desktopcollapse=\"true\" data-preventcollapse=\"false\" data-showonlyone=\"false\">\n<div id=\"izydor_stella\" class=\"wp-block-ub-content-toggle-accordion\" style=\"border-color: #f1f1f1; \">\n\t\t\t<div class=\"wp-block-ub-content-toggle-accordion-title-wrap\" style=\"background-color: #f1f1f1;\" aria-controls=\"ub-content-toggle-panel-0-86ec130b-d537-4ff0-a468-00cb9124b859\" tabindex=\"0\">\n\t\t\t<h2 class=\"wp-block-ub-content-toggle-accordion-title ub-content-toggle-title-86ec130b-d537-4ff0-a468-00cb9124b859\" style=\"color: #000000; \"><strong><strong>Deans of the Civil Engineering Faculty, Academy of Mining (1945 \u2013 1953, since 1949 Academy of Mining and Metallurgy)<\/strong><\/strong><\/h2>\n\t\t\t<div class=\"wp-block-ub-content-toggle-accordion-toggle-wrap right\" style=\"color: #000000;\"><span class=\"wp-block-ub-content-toggle-accordion-state-indicator wp-block-ub-chevron-down\"><\/span><\/div>\n\t\t<\/div>\n\t\t\t<div role=\"region\" aria-expanded=\"false\" class=\"wp-block-ub-content-toggle-accordion-content-wrap ub-hide\" id=\"ub-content-toggle-panel-0-86ec130b-d537-4ff0-a468-00cb9124b859\">\n\n<div class=\"wp-block-uagb-container uagb-block-d7bcb715 default uagb-is-root-container\">\n<div class=\"wp-block-uagb-container uagb-block-a1e3e159\">\n<div class=\"wp-block-uagb-info-box uagb-block-786fd259 uagb-infobox__content-wrap  uagb-infobox-icon-left uagb-infobox-left uagb-infobox-stacked-tablet uagb-infobox-image-valign-top\"><div class=\"uagb-ifb-image-content\"><img decoding=\"async\" src=\"https:\/\/wil.pk.edu.pl\/wp-content\/uploads\/2023\/09\/wilczkiewicz.jpg\" alt=\"\" width=\"\" height=\"0\" loading=\"lazy\"><\/div><div class=\"uagb-ifb-content\"><div class=\"uagb-ifb-title-wrap\"><h3 class=\"uagb-ifb-title\">1.\u00a0<strong>prof. Edmund Wilczkiewicz<\/strong><\/h3><\/div><p class=\"uagb-ifb-desc\">October 1st, 1945 \u2013 April 5th, 1946 (date of decease)<br>former professor and Dean of the Engineering Faculty, Lvov University of Technology<\/p><\/div><\/div>\n<\/div>\n\n\n\n<div class=\"wp-block-uagb-container uagb-block-23ce52a5\">\n<div class=\"wp-block-uagb-info-box uagb-block-7957ef24 uagb-infobox__content-wrap  uagb-infobox-icon-left uagb-infobox-left uagb-infobox-stacked-tablet uagb-infobox-image-valign-top\"><div class=\"uagb-ifb-image-content\"><img decoding=\"async\" src=\"https:\/\/wil.pk.edu.pl\/wp-content\/uploads\/2023\/09\/kamienski.jpg\" alt=\"\" width=\"\" height=\"0\" loading=\"lazy\"><\/div><div class=\"uagb-ifb-content\"><div class=\"uagb-ifb-title-wrap\"><h3 class=\"uagb-ifb-title\">2.\u00a0<strong>prof. Marian Kamie\u0144ski<\/strong><\/h3><\/div><p class=\"uagb-ifb-desc\">since April 16th, 1946 through 1946\/47<br>former professor and Dean of the Faculty of Chemistry, Lvov University of Technology, professor at the Academy of Mining and Metallurgy<\/p><\/div><\/div>\n<\/div>\n\n\n\n<div class=\"wp-block-uagb-container uagb-block-9dc1d5fb\">\n<div class=\"wp-block-uagb-info-box uagb-block-a5647d30 uagb-infobox__content-wrap  uagb-infobox-icon-left uagb-infobox-left uagb-infobox-stacked-tablet uagb-infobox-image-valign-top\"><div class=\"uagb-ifb-image-content\"><img decoding=\"async\" src=\"https:\/\/wil.pk.edu.pl\/wp-content\/uploads\/2023\/09\/roniewicz.jpg\" alt=\"\" width=\"\" height=\"0\" loading=\"lazy\"><\/div><div class=\"uagb-ifb-content\"><div class=\"uagb-ifb-title-wrap\"><h3 class=\"uagb-ifb-title\">3.\u00a0<strong>prof. W\u0142odzimierz Roniewicz<\/strong><\/h3><\/div><p class=\"uagb-ifb-desc\">1947\/48 &#8211; 1951\/52<br>former senior lecturer at the Lvov University of Technology<\/p><\/div><\/div>\n<\/div>\n<\/div>\n\n\n\n<div class=\"wp-block-uagb-container uagb-block-f4fe779f default uagb-is-root-container\">\n<div class=\"wp-block-uagb-container uagb-block-9468d439\">\n<div class=\"wp-block-uagb-info-box uagb-block-96bee4c0 uagb-infobox__content-wrap  uagb-infobox-icon-left uagb-infobox-left uagb-infobox-stacked-tablet uagb-infobox-image-valign-top\"><div class=\"uagb-ifb-image-content\"><img decoding=\"async\" src=\"https:\/\/wil.pk.edu.pl\/wp-content\/uploads\/2023\/09\/wrona.jpg\" alt=\"\" width=\"\" height=\"0\" loading=\"lazy\"><\/div><div class=\"uagb-ifb-content\"><div class=\"uagb-ifb-title-wrap\"><h3 class=\"uagb-ifb-title\">4.\u00a0<strong>prof. Mieczys\u0142aw Wrona<\/strong><\/h3><\/div><p class=\"uagb-ifb-desc\">1952\/53<br>former associate professor at the Lvov University of Technology, in the years 1954-1961 Dean of Water Engineeing Faculty, Cracow University of Technology<\/p><\/div><\/div>\n<\/div>\n\n\n\n<div class=\"wp-block-uagb-container uagb-block-e76e7953\">\n<div class=\"wp-block-uagb-info-box uagb-block-5da9883f uagb-infobox__content-wrap  uagb-infobox-icon-left uagb-infobox-left uagb-infobox-stacked-tablet uagb-infobox-image-valign-top\"><div class=\"uagb-ifb-image-content\"><img decoding=\"async\" src=\"https:\/\/wil.pk.edu.pl\/wp-content\/uploads\/2023\/09\/kopycinski.jpg\" alt=\"\" width=\"\" height=\"0\" loading=\"lazy\"><\/div><div class=\"uagb-ifb-content\"><div class=\"uagb-ifb-title-wrap\"><h3 class=\"uagb-ifb-title\">5.\u00a0<strong>prof. Bronis\u0142aw Kopyci\u0144ski dr h.c. PK<\/strong><\/h3><\/div><p class=\"uagb-ifb-desc\">1953\/54<br>in the years 1956-65 Rector of Cracow University of Technology<\/p><\/div><\/div>\n<\/div>\n<\/div>\n\n\n\n<p><\/p>\n\n<\/div>\n\t\t<\/div>\n\n<div id=\"dziekani_wydzialu\" class=\"wp-block-ub-content-toggle-accordion\" style=\"border-color: #f1f1f1; \">\n\t\t\t<div class=\"wp-block-ub-content-toggle-accordion-title-wrap\" style=\"background-color: #f1f1f1;\" aria-controls=\"ub-content-toggle-panel-1-86ec130b-d537-4ff0-a468-00cb9124b859\" tabindex=\"0\">\n\t\t\t<h2 class=\"wp-block-ub-content-toggle-accordion-title ub-content-toggle-title-86ec130b-d537-4ff0-a468-00cb9124b859\" style=\"color: #000000; \"><strong>Land Engineering Faculty, Cracow University of Technology (1954 \u2013 1987)<\/strong><\/h2>\n\t\t\t<div class=\"wp-block-ub-content-toggle-accordion-toggle-wrap right\" style=\"color: #000000;\"><span class=\"wp-block-ub-content-toggle-accordion-state-indicator wp-block-ub-chevron-down\"><\/span><\/div>\n\t\t<\/div>\n\t\t\t<div role=\"region\" aria-expanded=\"false\" class=\"wp-block-ub-content-toggle-accordion-content-wrap ub-hide\" id=\"ub-content-toggle-panel-1-86ec130b-d537-4ff0-a468-00cb9124b859\">\n\n<div class=\"wp-block-uagb-container uagb-block-82351bb1 default uagb-is-root-container\">\n<div class=\"wp-block-uagb-container uagb-block-3f8aee67\">\n<div class=\"wp-block-uagb-info-box uagb-block-2e9349f2 uagb-infobox__content-wrap  uagb-infobox-icon-left uagb-infobox-left uagb-infobox-stacked-tablet uagb-infobox-image-valign-top\"><div class=\"uagb-ifb-image-content\"><img decoding=\"async\" src=\"https:\/\/wil.pk.edu.pl\/wp-content\/uploads\/2023\/09\/kopycinski.jpg\" alt=\"\" width=\"\" height=\"0\" loading=\"lazy\"><\/div><div class=\"uagb-ifb-content\"><div class=\"uagb-ifb-title-wrap\"><h3 class=\"uagb-ifb-title\">5.\u00a0<strong>prof. Bronis\u0142aw Kopyci\u0144ski dr h.c. PK<\/strong><\/h3><\/div><p class=\"uagb-ifb-desc\">1954\/55-1955\/56<br>in the years 1956-65 Rector of Cracow University of Technology<\/p><\/div><\/div>\n<\/div>\n\n\n\n<div class=\"wp-block-uagb-container uagb-block-a18c518b\">\n<div class=\"wp-block-uagb-info-box uagb-block-14b9857e uagb-infobox__content-wrap  uagb-infobox-icon-left uagb-infobox-left uagb-infobox-stacked-tablet uagb-infobox-image-valign-top\"><div class=\"uagb-ifb-image-content\"><img decoding=\"async\" src=\"https:\/\/wil.pk.edu.pl\/wp-content\/uploads\/2023\/09\/fuksa.jpg\" alt=\"\" width=\"\" height=\"0\" loading=\"lazy\"><\/div><div class=\"uagb-ifb-content\"><div class=\"uagb-ifb-title-wrap\"><h3 class=\"uagb-ifb-title\">6.\u00a0<strong>prof. Micha\u0142 Fuksa<\/strong><\/h3><\/div><p class=\"uagb-ifb-desc\">1956\/57-1957\/58<br>since 1960 professor at the Academy of Mining and Metallurgy<\/p><\/div><\/div>\n<\/div>\n\n\n\n<div class=\"wp-block-uagb-container uagb-block-64ac9b00\">\n<div class=\"wp-block-uagb-info-box uagb-block-a467cd13 uagb-infobox__content-wrap  uagb-infobox-icon-left uagb-infobox-left uagb-infobox-stacked-tablet uagb-infobox-image-valign-top\"><div class=\"uagb-ifb-image-content\"><img decoding=\"async\" src=\"https:\/\/wil.pk.edu.pl\/wp-content\/uploads\/2023\/09\/sokalski.jpg\" alt=\"\" width=\"\" height=\"0\" loading=\"lazy\"><\/div><div class=\"uagb-ifb-content\"><div class=\"uagb-ifb-title-wrap\"><h3 class=\"uagb-ifb-title\">7.\u00a0<strong>prof. Kazimierz Sokalski<\/strong><\/h3><\/div><p class=\"uagb-ifb-desc\">1958\/59-1964\/65<br>in the years 1965-68 Rector of Cracow University of Technology<\/p><\/div><\/div>\n<\/div>\n<\/div>\n\n\n\n<div class=\"wp-block-uagb-container uagb-block-71e63ec4 default uagb-is-root-container\">\n<div class=\"wp-block-uagb-container uagb-block-be3c609b\">\n<div class=\"wp-block-uagb-info-box uagb-block-8f5169df uagb-infobox__content-wrap  uagb-infobox-icon-left uagb-infobox-left uagb-infobox-stacked-tablet uagb-infobox-image-valign-top\"><div class=\"uagb-ifb-image-content\"><img decoding=\"async\" src=\"https:\/\/wil.pk.edu.pl\/wp-content\/uploads\/2023\/09\/watorski.jpg\" alt=\"\" width=\"\" height=\"0\" loading=\"lazy\"><\/div><div class=\"uagb-ifb-content\"><div class=\"uagb-ifb-title-wrap\"><h3 class=\"uagb-ifb-title\">8.\u00a0<strong>prof. Jan W\u0105torski<\/strong><\/h3><\/div><p class=\"uagb-ifb-desc\">1965\/66-1967\/68<br>in the years 1968-72 Rector of Cracow University of Technology<\/p><\/div><\/div>\n<\/div>\n\n\n\n<div class=\"wp-block-uagb-container uagb-block-b6529021\">\n<div class=\"wp-block-uagb-info-box uagb-block-42be25cc uagb-infobox__content-wrap  uagb-infobox-icon-left uagb-infobox-left uagb-infobox-stacked-tablet uagb-infobox-image-valign-top\"><div class=\"uagb-ifb-image-content\"><img decoding=\"async\" src=\"https:\/\/wil.pk.edu.pl\/wp-content\/uploads\/2023\/09\/piechnik.jpg\" alt=\"\" width=\"\" height=\"0\" loading=\"lazy\"><\/div><div class=\"uagb-ifb-content\"><div class=\"uagb-ifb-title-wrap\"><h3 class=\"uagb-ifb-title\">9.\u00a0<strong>prof. Stefan Piechnik<\/strong><\/h3><\/div><p class=\"uagb-ifb-desc\">1968\/69-1972\/73<br>in the years 1978-81 Vice Rector of Cracow University of Technology<\/p><\/div><\/div>\n<\/div>\n\n\n\n<div class=\"wp-block-uagb-container uagb-block-8a2952b6\">\n<div class=\"wp-block-uagb-info-box uagb-block-8dce51c4 uagb-infobox__content-wrap  uagb-infobox-icon-left uagb-infobox-left uagb-infobox-stacked-tablet uagb-infobox-image-valign-top\"><div class=\"uagb-ifb-image-content\"><img decoding=\"async\" src=\"https:\/\/wil.pk.edu.pl\/wp-content\/uploads\/2023\/09\/piwowarski.jpg\" alt=\"\" width=\"\" height=\"0\" loading=\"lazy\"><\/div><div class=\"uagb-ifb-content\"><div class=\"uagb-ifb-title-wrap\"><h3 class=\"uagb-ifb-title\">10.\u00a0<strong>prof. Krzysztof Piwowarski<\/strong><\/h3><\/div><p class=\"uagb-ifb-desc\">1973\/74-1977\/78<\/p><\/div><\/div>\n<\/div>\n<\/div>\n\n\n\n<div class=\"wp-block-uagb-container uagb-block-bbc3093c default uagb-is-root-container\">\n<div class=\"wp-block-uagb-container uagb-block-85e861b5\">\n<div class=\"wp-block-uagb-info-box uagb-block-0029e597 uagb-infobox__content-wrap  uagb-infobox-icon-left uagb-infobox-left uagb-infobox-stacked-tablet uagb-infobox-image-valign-top\"><div class=\"uagb-ifb-image-content\"><img decoding=\"async\" src=\"https:\/\/wil.pk.edu.pl\/wp-content\/uploads\/2023\/09\/muszynski.jpg\" alt=\"\" width=\"\" height=\"0\" loading=\"lazy\"><\/div><div class=\"uagb-ifb-content\"><div class=\"uagb-ifb-title-wrap\"><h3 class=\"uagb-ifb-title\">11.\u00a0<strong>prof. W\u0142adys\u0142aw Muszy\u0144ski<\/strong><\/h3><\/div><p class=\"uagb-ifb-desc\">1978\/79 -1983\/84<br>in the years 1976-80 and 1987-1990 Rector of Cracow University of Technology<\/p><\/div><\/div>\n<\/div>\n<\/div>\n\n<\/div>\n\t\t<\/div>\n\n<div class=\"wp-block-ub-content-toggle-accordion\" style=\"border-color: #f1f1f1; \" id=\"ub-content-toggle-panel-block-bdff2053-c71b-4de3-a72a-b2065ca82114\">\n\t\t\t<div class=\"wp-block-ub-content-toggle-accordion-title-wrap\" style=\"background-color: #f1f1f1;\" aria-controls=\"ub-content-toggle-panel-2-86ec130b-d537-4ff0-a468-00cb9124b859\" tabindex=\"0\">\n\t\t\t<h2 class=\"wp-block-ub-content-toggle-accordion-title ub-content-toggle-title-86ec130b-d537-4ff0-a468-00cb9124b859\" style=\"color: #000000; \"><strong>Civil Engineering Faculty, Cracow University of Technology (since 1987)<\/strong><\/h2>\n\t\t\t<div class=\"wp-block-ub-content-toggle-accordion-toggle-wrap right\" style=\"color: #000000;\"><span class=\"wp-block-ub-content-toggle-accordion-state-indicator wp-block-ub-chevron-down\"><\/span><\/div>\n\t\t<\/div>\n\t\t\t<div role=\"region\" aria-expanded=\"false\" class=\"wp-block-ub-content-toggle-accordion-content-wrap ub-hide\" id=\"ub-content-toggle-panel-2-86ec130b-d537-4ff0-a468-00cb9124b859\">\n\n<div class=\"wp-block-uagb-container uagb-block-08469b88 default uagb-is-root-container\">\n<div class=\"wp-block-uagb-container uagb-block-a7fd4b13\">\n<div class=\"wp-block-uagb-info-box uagb-block-6baab3ca uagb-infobox__content-wrap  uagb-infobox-icon-left uagb-infobox-left uagb-infobox-stacked-tablet uagb-infobox-image-valign-top\"><div class=\"uagb-ifb-image-content\"><img decoding=\"async\" src=\"https:\/\/wil.pk.edu.pl\/wp-content\/uploads\/2023\/09\/piechnik.jpg\" alt=\"\" width=\"\" height=\"0\" loading=\"lazy\"><\/div><div class=\"uagb-ifb-content\"><div class=\"uagb-ifb-title-wrap\"><h3 class=\"uagb-ifb-title\">12.\u00a0<strong>prof. Stefan Piechnik<\/strong><\/h3><\/div><p class=\"uagb-ifb-desc\">1984\/85 -1989\/90<br>in the years 1978-81 Vice Rector of Cracow University of Technology<\/p><\/div><\/div>\n<\/div>\n\n\n\n<div class=\"wp-block-uagb-container uagb-block-92ec77d4\">\n<div class=\"wp-block-uagb-info-box uagb-block-8c1cd4aa uagb-infobox__content-wrap  uagb-infobox-icon-left uagb-infobox-left uagb-infobox-stacked-tablet uagb-infobox-image-valign-top\"><div class=\"uagb-ifb-image-content\"><img decoding=\"async\" src=\"https:\/\/wil.pk.edu.pl\/wp-content\/uploads\/2023\/09\/stachowicz.jpg\" alt=\"\" width=\"\" height=\"0\" loading=\"lazy\"><\/div><div class=\"uagb-ifb-content\"><div class=\"uagb-ifb-title-wrap\"><h3 class=\"uagb-ifb-title\">13.\u00a0<strong>prof. Antoni Stachowicz<\/strong><\/h3><\/div><p class=\"uagb-ifb-desc\">1990\/91 -1995\/96<\/p><\/div><\/div>\n<\/div>\n\n\n\n<div class=\"wp-block-uagb-container uagb-block-a4a95bb0\">\n<div class=\"wp-block-uagb-info-box uagb-block-39436a8c uagb-infobox__content-wrap  uagb-infobox-icon-left uagb-infobox-left uagb-infobox-stacked-tablet uagb-infobox-image-valign-top\"><div class=\"uagb-ifb-image-content\"><img decoding=\"async\" src=\"https:\/\/wil.pk.edu.pl\/wp-content\/uploads\/2023\/09\/furtak.jpg\" alt=\"\" width=\"\" height=\"0\" loading=\"lazy\"><\/div><div class=\"uagb-ifb-content\"><div class=\"uagb-ifb-title-wrap\"><h3 class=\"uagb-ifb-title\">14.\u00a0<strong>prof. Kazimierz Furtak<\/strong><\/h3><\/div><p class=\"uagb-ifb-desc\">1996\/97 &#8211; 2001\/02<br>in the years 2002 &#8211; 2008 Vice Rector of Cracow University of Technology<br>in the years 2008 &#8211; 2016 Rector of Cracow University of Technology<\/p><\/div><\/div>\n<\/div>\n<\/div>\n\n\n\n<div class=\"wp-block-uagb-container uagb-block-711642ea default uagb-is-root-container\">\n<div class=\"wp-block-uagb-container uagb-block-971a5635\">\n<div class=\"wp-block-uagb-info-box uagb-block-307be724 uagb-infobox__content-wrap  uagb-infobox-icon-left uagb-infobox-left uagb-infobox-stacked-tablet uagb-infobox-image-valign-top\"><div class=\"uagb-ifb-image-content\"><img decoding=\"async\" src=\"https:\/\/wil.pk.edu.pl\/wp-content\/uploads\/2023\/09\/sliwinski2.jpg\" alt=\"\" width=\"56\" height=\"83\" loading=\"lazy\"><\/div><div class=\"uagb-ifb-content\"><div class=\"uagb-ifb-title-wrap\"><h3 class=\"uagb-ifb-title\">15.\u00a0<strong>prof. Jacek \u015aliwi\u0144ski<\/strong><\/h3><\/div><p class=\"uagb-ifb-desc\">2002\/03 &#8211; 2007\/08<\/p><\/div><\/div>\n<\/div>\n\n\n\n<div class=\"wp-block-uagb-container uagb-block-a36cf1c6\">\n<div class=\"wp-block-uagb-info-box uagb-block-0422877d uagb-infobox__content-wrap  uagb-infobox-icon-left uagb-infobox-left uagb-infobox-stacked-tablet uagb-infobox-image-valign-top\"><div class=\"uagb-ifb-image-content\"><img decoding=\"async\" src=\"https:\/\/wil.pk.edu.pl\/wp-content\/uploads\/2023\/09\/tatara2.jpg\" alt=\"\" width=\"56\" height=\"84\" loading=\"lazy\"><\/div><div class=\"uagb-ifb-content\"><div class=\"uagb-ifb-title-wrap\"><h3 class=\"uagb-ifb-title\">16.\u00a0<strong>prof. Tadeusz Tatara<\/strong><\/h3><\/div><p class=\"uagb-ifb-desc\">2008\/09 &#8211; 2015\/16<br>in the years 2016 &#8211; 2020 Vice Rector of Cracow University of Technology<\/p><\/div><\/div>\n<\/div>\n\n\n\n<div class=\"wp-block-uagb-container uagb-block-2e56b467\">\n<div class=\"wp-block-uagb-info-box uagb-block-c77e97e1 uagb-infobox__content-wrap  uagb-infobox-icon-left uagb-infobox-left uagb-infobox-stacked-tablet uagb-infobox-image-valign-top\"><div class=\"uagb-ifb-image-content\"><img decoding=\"async\" src=\"https:\/\/wil.pk.edu.pl\/wp-content\/uploads\/2023\/09\/szarata2.jpg\" alt=\"\" width=\"\" height=\"0\" loading=\"lazy\"><\/div><div class=\"uagb-ifb-content\"><div class=\"uagb-ifb-title-wrap\"><h3 class=\"uagb-ifb-title\">17.\u00a0<strong>prof. Andrzej Szarata<\/strong><\/h3><\/div><p class=\"uagb-ifb-desc\">2016\/17 &#8211; 2022\/23<br>since 2023 Rector of Cracow University of Technology<\/p><\/div><\/div>\n<\/div>\n<\/div>\n\n<\/div>\n\t\t<\/div>\n<\/div>","protected":false},"excerpt":{"rendered":"<p>DEAN Lucyna Domaga\u0142a, Ph.D., D.Sc., Prof. of CUT(lucyna.domagala@pk.edu.pl) ASSOCIATE-DEANS&#8230;<\/p>\n","protected":false},"author":914,"featured_media":42145,"parent":42994,"menu_order":0,"comment_status":"closed","ping_status":"closed","template":"","meta":{"_acf_changed":false,"inline_featured_image":false,"_uag_custom_page_level_css":"","site-sidebar-layout":"default","site-content-layout":"","ast-site-content-layout":"default","site-content-style":"default","site-sidebar-style":"default","ast-global-header-display":"","ast-banner-title-visibility":"","ast-main-header-display":"","ast-hfb-above-header-display":"","ast-hfb-below-header-display":"","ast-hfb-mobile-header-display":"","site-post-title":"","ast-breadcrumbs-content":"","ast-featured-img":"","footer-sml-layout":"","ast-disable-related-posts":"","theme-transparent-header-meta":"","adv-header-id-meta":"","stick-header-meta":"","header-above-stick-meta":"","header-main-stick-meta":"","header-below-stick-meta":"","astra-migrate-meta-layouts":"set","ast-page-background-enabled":"default","ast-page-background-meta":{"desktop":{"background-color":"var(--ast-global-color-4)","background-image":"","background-repeat":"repeat","background-position":"center center","background-size":"auto","background-attachment":"scroll","background-type":"","background-media":"","overlay-type":"","overlay-color":"","overlay-opacity":"","overlay-gradient":""},"tablet":{"background-color":"","background-image":"","background-repeat":"repeat","background-position":"center center","background-size":"auto","background-attachment":"scroll","background-type":"","background-media":"","overlay-type":"","overlay-color":"","overlay-opacity":"","overlay-gradient":""},"mobile":{"background-color":"","background-image":"","background-repeat":"repeat","background-position":"center center","background-size":"auto","background-attachment":"scroll","background-type":"","background-media":"","overlay-type":"","overlay-color":"","overlay-opacity":"","overlay-gradient":""}},"ast-content-background-meta":{"desktop":{"background-color":"var(--ast-global-color-5)","background-image":"","background-repeat":"repeat","background-position":"center center","background-size":"auto","background-attachment":"scroll","background-type":"","background-media":"","overlay-type":"","overlay-color":"","overlay-opacity":"","overlay-gradient":""},"tablet":{"background-color":"var(--ast-global-color-5)","background-image":"","background-repeat":"repeat","background-position":"center center","background-size":"auto","background-attachment":"scroll","background-type":"","background-media":"","overlay-type":"","overlay-color":"","overlay-opacity":"","overlay-gradient":""},"mobile":{"background-color":"var(--ast-global-color-5)","background-image":"","background-repeat":"repeat","background-position":"center center","background-size":"auto","background-attachment":"scroll","background-type":"","background-media":"","overlay-type":"","overlay-color":"","overlay-opacity":"","overlay-gradient":""}},"footnotes":""},"taksonomia-strony":[],"class_list":["post-31813","page","type-page","status-publish","has-post-thumbnail","hentry"],"acf":[],"featured_image_src":"https:\/\/wil.pk.edu.pl\/wp-content\/uploads\/2024\/03\/niebieskie-tlo-symbol.png","uagb_featured_image_src":{"full":["https:\/\/wil.pk.edu.pl\/wp-content\/uploads\/2024\/03\/niebieskie-tlo-symbol.png",1200,675,false],"thumbnail":["https:\/\/wil.pk.edu.pl\/wp-content\/uploads\/2024\/03\/niebieskie-tlo-symbol-150x150.png",150,150,true],"medium":["https:\/\/wil.pk.edu.pl\/wp-content\/uploads\/2024\/03\/niebieskie-tlo-symbol-300x169.png",300,169,true],"medium_large":["https:\/\/wil.pk.edu.pl\/wp-content\/uploads\/2024\/03\/niebieskie-tlo-symbol-768x432.png",768,432,true],"large":["https:\/\/wil.pk.edu.pl\/wp-content\/uploads\/2024\/03\/niebieskie-tlo-symbol-1024x576.png",1024,576,true],"thumblist":["https:\/\/wil.pk.edu.pl\/wp-content\/uploads\/2024\/03\/niebieskie-tlo-symbol-300x300.png",300,300,true],"thumbrelated":["https:\/\/wil.pk.edu.pl\/wp-content\/uploads\/2024\/03\/niebieskie-tlo-symbol-500x500.png",500,500,true],"meccarouselthumb":["https:\/\/wil.pk.edu.pl\/wp-content\/uploads\/2024\/03\/niebieskie-tlo-symbol-474x324.png",474,324,true],"gridsquare":["https:\/\/wil.pk.edu.pl\/wp-content\/uploads\/2024\/03\/niebieskie-tlo-symbol-391x260.png",391,260,true],"tileview":["https:\/\/wil.pk.edu.pl\/wp-content\/uploads\/2024\/03\/niebieskie-tlo-symbol-300x400.png",300,400,true],"1536x1536":["https:\/\/wil.pk.edu.pl\/wp-content\/uploads\/2024\/03\/niebieskie-tlo-symbol.png",1200,675,false],"2048x2048":["https:\/\/wil.pk.edu.pl\/wp-content\/uploads\/2024\/03\/niebieskie-tlo-symbol.png",1200,675,false]},"uagb_author_info":{"display_name":"dkluczynski","author_link":"https:\/\/wil.pk.edu.pl\/en\/author\/dkluczynski\/"},"uagb_comment_info":0,"uagb_excerpt":"DEAN Lucyna Domaga\u0142a, Ph.D., D.Sc., Prof. of CUT(lucyna.domagala@pk.edu.pl) ASSOCIATE-DEANS...","publishpress_future_action":{"enabled":false,"date":"2026-04-14 15:16:05","action":"change-status","newStatus":"draft","terms":[],"taxonomy":"taksonomia-strony","extraData":[]},"publishpress_future_workflow_manual_trigger":{"enabledWorkflows":[]},"_links":{"self":[{"href":"https:\/\/wil.pk.edu.pl\/en\/wp-json\/wp\/v2\/pages\/31813","targetHints":{"allow":["GET"]}}],"collection":[{"href":"https:\/\/wil.pk.edu.pl\/en\/wp-json\/wp\/v2\/pages"}],"about":[{"href":"https:\/\/wil.pk.edu.pl\/en\/wp-json\/wp\/v2\/types\/page"}],"author":[{"embeddable":true,"href":"https:\/\/wil.pk.edu.pl\/en\/wp-json\/wp\/v2\/users\/914"}],"replies":[{"embeddable":true,"href":"https:\/\/wil.pk.edu.pl\/en\/wp-json\/wp\/v2\/comments?post=31813"}],"version-history":[{"count":0,"href":"https:\/\/wil.pk.edu.pl\/en\/wp-json\/wp\/v2\/pages\/31813\/revisions"}],"up":[{"embeddable":true,"href":"https:\/\/wil.pk.edu.pl\/en\/wp-json\/wp\/v2\/pages\/42994"}],"wp:featuredmedia":[{"embeddable":true,"href":"https:\/\/wil.pk.edu.pl\/en\/wp-json\/wp\/v2\/media\/42145"}],"wp:attachment":[{"href":"https:\/\/wil.pk.edu.pl\/en\/wp-json\/wp\/v2\/media?parent=31813"}],"wp:term":[{"taxonomy":"taksonomia-strony","embeddable":true,"href":"https:\/\/wil.pk.edu.pl\/en\/wp-json\/wp\/v2\/taksonomia-strony?post=31813"}],"curies":[{"name":"wp","href":"https:\/\/api.w.org\/{rel}","templated":true}]}}